{"id":5974,"date":"2018-02-18T22:15:17","date_gmt":"2018-02-18T21:15:17","guid":{"rendered":"http:\/\/biuroauditum.dfirma.pl\/?page_id=5974"},"modified":"2018-02-18T22:15:17","modified_gmt":"2018-02-18T21:15:17","slug":"oferta","status":"publish","type":"page","link":"https:\/\/biuroauditum.dfirma.pl\/index.php\/oferta\/","title":{"rendered":"Oferta"},"content":{"rendered":"<p style=\"text-align: justify;\"><strong>RYCZA\u0141T<\/strong><\/p>\n<p style=\"text-align: justify;\">W ramach \u015bwiadczonych przez nas us\u0142ug znajduje si\u0119:<\/p>\n<ul style=\"text-align: justify;\">\n<li>miesi\u0119czne naliczanie podatku,<\/li>\n<li>sporz\u0105dzanie rozlicze\u0144 rocznych,<\/li>\n<li>prowadzenie ewidencji, sporz\u0105dzanie deklaracji i rozlicze\u0144 w zakresie podatku od towar\u00f3w i us\u0142ug (VAT)+ obs\u0142uga JPK<\/li>\n<\/ul>\n<p style=\"text-align: justify;\"><strong> KPiR<\/strong><\/p>\n<p style=\"text-align: justify;\">W ramach prowadzenia ksi\u0105\u017cki przychod\u00f3w i rozchod\u00f3w znajduje si\u0119:<\/p>\n<ul style=\"text-align: justify;\">\n<li>bie\u017c\u0105ce ewidencjonowanie zdarze\u0144 gospodarczych,<\/li>\n<li>prowadzenie ewidencji, sporz\u0105dzanie deklaracji i rozlicze\u0144 w zakresie podatku od towar\u00f3w i us\u0142ug (VAT),+ obs\u0142uga jpk<\/li>\n<li>sporz\u0105dzanie deklaracji i rozlicze\u0144\u00a0 w zakresie podatku dochodowego od os\u00f3b fizycznych (PIT),<\/li>\n<li>prowadzenie ewidencji \u015brodk\u00f3w trwa\u0142ych oraz naliczanie amortyzacji,<\/li>\n<li>bie\u017c\u0105ce udzielanie porad w zakresie prawa podatkowego,<\/li>\n<li>sporz\u0105dzanie rozlicze\u0144 rocznych.<\/li>\n<\/ul>\n<p style=\"text-align: justify;\"><strong>KSI\u0118GI HANDLOWE<\/strong><\/p>\n<p style=\"text-align: justify;\">W ramach prowadzenia ksi\u0105g handlowych znajduje si\u0119:<\/p>\n<ul style=\"text-align: justify;\">\n<li>opracowanie zak\u0142adowego planu kont,<\/li>\n<li>opracowanie polityki rachunkowo\u015bci,<\/li>\n<li>bie\u017c\u0105ce ewidencjonowanie zdarze\u0144 gospodarczych,<\/li>\n<li>prowadzenie ewidencji, sporz\u0105dzanie deklaracji i rozlicze\u0144 w zakresie podatku od towar\u00f3w i us\u0142ug (VAT)+ obs\u0142uga jpk<\/li>\n<li>sporz\u0105dzanie deklaracji i rozlicze\u0144\u00a0 w zakresie podatku dochodowego os\u00f3b prawnych (CIT),<\/li>\n<li>prowadzenie ewidencji \u015brodk\u00f3w trwa\u0142ych oraz naliczanie amortyzacji,<\/li>\n<li>sporz\u0105dzanie jednostkowych sprawozda\u0144 finansowych,<\/li>\n<li>sporz\u0105dzanie pakiet\u00f3w konsolidacyjnych i skonsolidowanych sprawozda\u0144 finansowych,<\/li>\n<li>udzia\u0142 podczas badania sprawozda\u0144 finansowych przez bieg\u0142ego rewidenta.<\/li>\n<\/ul>\n<p style=\"text-align: justify;\"><strong>KADRY, P\u0141ACE<\/strong><\/p>\n<ul style=\"text-align: justify;\">\n<li>prowadzenie kompletnych akt osobowych pracownika<\/li>\n<li>prowadzenie ewidencji zatrudnienia os\u00f3b w ramach um\u00f3w zlecenia, o dzie\u0142o i innych um\u00f3w o charakterze cywilnoprawnym<\/li>\n<li>sporz\u0105dzanie list p\u0142ac z um\u00f3w o prac\u0119<\/li>\n<li>sporz\u0105dzanie list p\u0142ac z um\u00f3w cywilnoprawnych<\/li>\n<li>sporz\u0105dzanie deklaracji zg\u0142oszeniowych, rozliczeniowych z ZUS<\/li>\n<li>sporz\u0105dzanie deklaracji PIT-11, PIT-8B<\/li>\n<li>sporz\u0105dzanie rocznego obliczenia podatku PIT-4R<\/li>\n<li>sporz\u0105dzanie za\u015bwiadcze\u0144 o dochodach, zatrudnieniu itp.<\/li>\n<\/ul>\n<p style=\"text-align: justify;\"><strong>Us\u0142ugi dodatkowe:<\/strong><\/p>\n<p style=\"text-align: justify;\"><strong>Zak\u0142adanie i rejestracja sp\u00f3\u0142ek<\/strong><\/p>\n<p style=\"text-align: justify;\">Oferujemy us\u0142ugi zwi\u0105zane z zawi\u0105zywaniem i rejestracj\u0105 sp\u00f3\u0142ek prawa handlowego obejmuj\u0105ce swoim zakresem:<\/p>\n<ul style=\"text-align: justify;\">\n<li>sporz\u0105dzenie umowy sp\u00f3\u0142ki<\/li>\n<li>rejestracj\u0119 w KRS<\/li>\n<li>zg\u0142oszenie do Urz\u0119du Statystycznego<\/li>\n<li>zg\u0142oszenie do Urz\u0119du Skarbowego ( NIP, VAT)<\/li>\n<\/ul>\n<p style=\"text-align: justify;\"><strong>Zmiany w organizacji<\/strong><\/p>\n<p style=\"text-align: justify;\">Poprzez programy rozwojowe pomagamy wdra\u017ca\u0107 zmiany i rozwija\u0107 potencja\u0142 ludzi w zakresie:<\/p>\n<ul style=\"text-align: justify;\">\n<li>komunikacji\u00a0 i wsp\u00f3\u0142pracy wewn\u0105trz organizacji<\/li>\n<li>zarz\u0105dzania zespo\u0142em,<\/li>\n<li>organizacji czasu pracy<\/li>\n<li>odporno\u015bci na stres,<\/li>\n<li>obs\u0142ugi Klienta<\/li>\n<\/ul>\n<p style=\"text-align: justify;\"><strong>Analiza ekonomiczno-finansowa <\/strong><\/p>\n<p style=\"text-align: justify;\"><strong>Pomoc przy zak\u0142adaniu dzia\u0142alno\u015bci gospodarczej oraz wyborze najkorzystniejszej formy opodatkowania<\/strong><\/p>\n<p style=\"text-align: justify;\"><strong>Cennik<\/strong><\/p>\n<p style=\"text-align: justify;\">Odp\u0142atno\u015b\u0107 za \u015bwiadczone przez Auditum Sp. z o.. us\u0142ugi jest ka\u017cdorazowo uzgadniana indywidualnie i zale\u017cna jest m.in. od:<\/p>\n<ul style=\"text-align: justify;\">\n<li>formy prawnej podmiotu,<\/li>\n<li>sposobu i zakresu prowadzenia ksi\u0119gowo\u015bci,<\/li>\n<li>liczby dokument\u00f3w,<\/li>\n<li>liczby zatrudnionych pracownik\u00f3w.<\/li>\n<\/ul>\n<p style=\"text-align: justify;\">RYCZA\u0141 \u2013 OD 100 Z\u0141<\/p>\n<p style=\"text-align: justify;\">KPIR \u2013 OD 150 Z\u0141<\/p>\n<p style=\"text-align: justify;\">KSI\u0118GI HANDLOWE \u2013 OD 500 Z\u0141<\/p>\n<p style=\"text-align: justify;\">Obs\u0142uga kadrowo-p\u0142acowa pracownika \u2013 od 25 z\u0142<\/p>\n<p style=\"text-align: justify;\">Podane ceny s\u0105 cenami netto.<\/p>\n<p style=\"text-align: justify;\">W celu ustalenia indywidulanych warunk\u00f3w wsp\u00f3\u0142pracy zach\u0119camy do kontaktu z naszym biurem rachunkowym telefonicznie lub mailowo.<\/p>\n<p style=\"text-align: justify;\">\n","protected":false},"excerpt":{"rendered":"<p>RYCZA\u0141T W ramach \u015bwiadczonych przez nas us\u0142ug znajduje si\u0119: miesi\u0119czne naliczanie podatku, sporz\u0105dzanie rozlicze\u0144 rocznych, prowadzenie ewidencji, sporz\u0105dzanie deklaracji i rozlicze\u0144 w zakresie podatku od towar\u00f3w i us\u0142ug (VAT)+ obs\u0142uga JPK KPiR W ramach prowadzenia ksi\u0105\u017cki przychod\u00f3w i rozchod\u00f3w znajduje si\u0119: bie\u017c\u0105ce ewidencjonowanie zdarze\u0144 gospodarczych, prowadzenie ewidencji, sporz\u0105dzanie deklaracji i [&hellip;]<\/p>\n","protected":false},"author":1,"featured_media":5956,"parent":0,"menu_order":0,"comment_status":"closed","ping_status":"closed","template":"","meta":{"footnotes":""},"class_list":["post-5974","page","type-page","status-publish","has-post-thumbnail","hentry"],"acf":[],"aioseo_notices":[],"_links":{"self":[{"href":"https:\/\/biuroauditum.dfirma.pl\/index.php\/wp-json\/wp\/v2\/pages\/5974","targetHints":{"allow":["GET"]}}],"collection":[{"href":"https:\/\/biuroauditum.dfirma.pl\/index.php\/wp-json\/wp\/v2\/pages"}],"about":[{"href":"https:\/\/biuroauditum.dfirma.pl\/index.php\/wp-json\/wp\/v2\/types\/page"}],"author":[{"embeddable":true,"href":"https:\/\/biuroauditum.dfirma.pl\/index.php\/wp-json\/wp\/v2\/users\/1"}],"replies":[{"embeddable":true,"href":"https:\/\/biuroauditum.dfirma.pl\/index.php\/wp-json\/wp\/v2\/comments?post=5974"}],"version-history":[{"count":1,"href":"https:\/\/biuroauditum.dfirma.pl\/index.php\/wp-json\/wp\/v2\/pages\/5974\/revisions"}],"predecessor-version":[{"id":5975,"href":"https:\/\/biuroauditum.dfirma.pl\/index.php\/wp-json\/wp\/v2\/pages\/5974\/revisions\/5975"}],"wp:featuredmedia":[{"embeddable":true,"href":"https:\/\/biuroauditum.dfirma.pl\/index.php\/wp-json\/wp\/v2\/media\/5956"}],"wp:attachment":[{"href":"https:\/\/biuroauditum.dfirma.pl\/index.php\/wp-json\/wp\/v2\/media?parent=5974"}],"curies":[{"name":"wp","href":"https:\/\/api.w.org\/{rel}","templated":true}]}}