{"id":5948,"date":"2018-02-18T22:00:55","date_gmt":"2018-02-18T21:00:55","guid":{"rendered":"http:\/\/biuroauditum.dfirma.pl\/?page_id=5948"},"modified":"2018-02-18T22:00:55","modified_gmt":"2018-02-18T21:00:55","slug":"kadra","status":"publish","type":"page","link":"https:\/\/biuroauditum.dfirma.pl\/index.php\/kadra\/","title":{"rendered":"Kadra"},"content":{"rendered":"<p style=\"text-align: justify;\">Rozumiej\u0105c, \u017ce najwa\u017cniejsi w naszej bran\u017cy to ludzie i ich wiedza, stale podnosimy swoje kwalifikacje poprzez udzia\u0142 w szkoleniach z zakresu rachunkowo\u015bci i podatk\u00f3w.<\/p>\n<p style=\"text-align: justify;\">W\u015br\u00f3d naszej kadry s\u0105 osoby posiadaj\u0105ce uprawnienia do us\u0142ugowego prowadzenia ksi\u0105g oraz bieg\u0142y rewident.<\/p>\n<p style=\"text-align: justify;\">Na sta\u0142e wsp\u00f3\u0142pracujemy z:<\/p>\n<ul>\n<li style=\"text-align: justify;\">doradcami podatkowymi<\/li>\n<li style=\"text-align: justify;\">kancelari\u0105 prawn\u0105 i notarialn\u0105<\/li>\n<li style=\"text-align: justify;\">konsultantem ds. ZUS<\/li>\n<li style=\"text-align: justify;\">trenerem biznesu<\/li>\n<\/ul>\n","protected":false},"excerpt":{"rendered":"<p>Rozumiej\u0105c, \u017ce najwa\u017cniejsi w naszej bran\u017cy to ludzie i ich wiedza, stale podnosimy swoje kwalifikacje poprzez udzia\u0142 w szkoleniach z zakresu rachunkowo\u015bci i podatk\u00f3w. W\u015br\u00f3d naszej kadry s\u0105 osoby posiadaj\u0105ce uprawnienia do us\u0142ugowego prowadzenia ksi\u0105g oraz bieg\u0142y rewident. Na sta\u0142e wsp\u00f3\u0142pracujemy z: doradcami podatkowymi kancelari\u0105 prawn\u0105 i notarialn\u0105 konsultantem ds. [&hellip;]<\/p>\n","protected":false},"author":1,"featured_media":5954,"parent":0,"menu_order":0,"comment_status":"closed","ping_status":"closed","template":"","meta":{"footnotes":""},"class_list":["post-5948","page","type-page","status-publish","has-post-thumbnail","hentry"],"acf":[],"aioseo_notices":[],"_links":{"self":[{"href":"https:\/\/biuroauditum.dfirma.pl\/index.php\/wp-json\/wp\/v2\/pages\/5948","targetHints":{"allow":["GET"]}}],"collection":[{"href":"https:\/\/biuroauditum.dfirma.pl\/index.php\/wp-json\/wp\/v2\/pages"}],"about":[{"href":"https:\/\/biuroauditum.dfirma.pl\/index.php\/wp-json\/wp\/v2\/types\/page"}],"author":[{"embeddable":true,"href":"https:\/\/biuroauditum.dfirma.pl\/index.php\/wp-json\/wp\/v2\/users\/1"}],"replies":[{"embeddable":true,"href":"https:\/\/biuroauditum.dfirma.pl\/index.php\/wp-json\/wp\/v2\/comments?post=5948"}],"version-history":[{"count":1,"href":"https:\/\/biuroauditum.dfirma.pl\/index.php\/wp-json\/wp\/v2\/pages\/5948\/revisions"}],"predecessor-version":[{"id":5957,"href":"https:\/\/biuroauditum.dfirma.pl\/index.php\/wp-json\/wp\/v2\/pages\/5948\/revisions\/5957"}],"wp:featuredmedia":[{"embeddable":true,"href":"https:\/\/biuroauditum.dfirma.pl\/index.php\/wp-json\/wp\/v2\/media\/5954"}],"wp:attachment":[{"href":"https:\/\/biuroauditum.dfirma.pl\/index.php\/wp-json\/wp\/v2\/media?parent=5948"}],"curies":[{"name":"wp","href":"https:\/\/api.w.org\/{rel}","templated":true}]}}