{"id":5943,"date":"2018-02-18T21:54:37","date_gmt":"2018-02-18T20:54:37","guid":{"rendered":"http:\/\/biuroauditum.dfirma.pl\/?page_id=5943"},"modified":"2018-02-18T21:56:43","modified_gmt":"2018-02-18T20:56:43","slug":"o-nas","status":"publish","type":"page","link":"https:\/\/biuroauditum.dfirma.pl\/index.php\/o-nas\/","title":{"rendered":"O Nas"},"content":{"rendered":"<p style=\"text-align: justify;\">Auditum to biuro rachunkowe z du\u017cym do\u015bwiadczeniem i d\u0142ugoletnim sta\u017cem, kt\u00f3remu zaufa\u0142o wielu klient\u00f3w dzia\u0142aj\u0105cych w bran\u017cach us\u0142ugowej, handlowej i produkcyjnej. Od ponad 10 lat \u015bwiadczymy kompleksowe us\u0142ugi ksi\u0119gowe, kadrowo-p\u0142acowe i doradcze dla firm. W zakresie \u015bwiadczonych us\u0142ug prowadzimy rozliczenia podatkowe, ksi\u0119gowe oraz rozliczenia z ZUS\u00a0 i sprawy pracownicze.<\/p>\n<p style=\"text-align: justify;\">Zastosowanie innowacyjnych rozwi\u0105za\u0144 w zakresie ksi\u0119gowo\u015bci online pozwala nam na \u015bwiadczenie us\u0142ug ksi\u0119gowych dla firm z ca\u0142ego kraju. Bez wzgl\u0119du na to, gdzie si\u0119 znajdujesz nasze biuro rachunkowe jest zawsze pod r\u0119k\u0105 dzi\u0119ki aplikacji ksi\u0119gowej online.<\/p>\n<p style=\"text-align: justify;\">Naszym celem jest dostarczanie profesjonalnych us\u0142ug w zakresie kompleksowej obs\u0142ugi ksi\u0119gowo-podatkowej oraz kadrowo-p\u0142acowej podmiot\u00f3w gospodarczych.<\/p>\n","protected":false},"excerpt":{"rendered":"<p>Auditum to biuro rachunkowe z du\u017cym do\u015bwiadczeniem i d\u0142ugoletnim sta\u017cem, kt\u00f3remu zaufa\u0142o wielu klient\u00f3w dzia\u0142aj\u0105cych w bran\u017cach us\u0142ugowej, handlowej i produkcyjnej. Od ponad 10 lat \u015bwiadczymy kompleksowe us\u0142ugi ksi\u0119gowe, kadrowo-p\u0142acowe i doradcze dla firm. W zakresie \u015bwiadczonych us\u0142ug prowadzimy rozliczenia podatkowe, ksi\u0119gowe oraz rozliczenia z ZUS\u00a0 i sprawy pracownicze. Zastosowanie [&hellip;]<\/p>\n","protected":false},"author":1,"featured_media":5945,"parent":0,"menu_order":0,"comment_status":"closed","ping_status":"closed","template":"","meta":{"footnotes":""},"class_list":["post-5943","page","type-page","status-publish","has-post-thumbnail","hentry"],"acf":[],"aioseo_notices":[],"_links":{"self":[{"href":"https:\/\/biuroauditum.dfirma.pl\/index.php\/wp-json\/wp\/v2\/pages\/5943","targetHints":{"allow":["GET"]}}],"collection":[{"href":"https:\/\/biuroauditum.dfirma.pl\/index.php\/wp-json\/wp\/v2\/pages"}],"about":[{"href":"https:\/\/biuroauditum.dfirma.pl\/index.php\/wp-json\/wp\/v2\/types\/page"}],"author":[{"embeddable":true,"href":"https:\/\/biuroauditum.dfirma.pl\/index.php\/wp-json\/wp\/v2\/users\/1"}],"replies":[{"embeddable":true,"href":"https:\/\/biuroauditum.dfirma.pl\/index.php\/wp-json\/wp\/v2\/comments?post=5943"}],"version-history":[{"count":1,"href":"https:\/\/biuroauditum.dfirma.pl\/index.php\/wp-json\/wp\/v2\/pages\/5943\/revisions"}],"predecessor-version":[{"id":5944,"href":"https:\/\/biuroauditum.dfirma.pl\/index.php\/wp-json\/wp\/v2\/pages\/5943\/revisions\/5944"}],"wp:featuredmedia":[{"embeddable":true,"href":"https:\/\/biuroauditum.dfirma.pl\/index.php\/wp-json\/wp\/v2\/media\/5945"}],"wp:attachment":[{"href":"https:\/\/biuroauditum.dfirma.pl\/index.php\/wp-json\/wp\/v2\/media?parent=5943"}],"curies":[{"name":"wp","href":"https:\/\/api.w.org\/{rel}","templated":true}]}}